{"id":813,"date":"2017-04-15T08:19:02","date_gmt":"2017-04-15T08:19:02","guid":{"rendered":"http:\/\/parrocchiascp.it\/?page_id=813"},"modified":"2017-04-15T08:19:02","modified_gmt":"2017-04-15T08:19:02","slug":"parrocco","status":"publish","type":"page","link":"https:\/\/new.parrocchiascp.it\/index.php\/parrocco\/","title":{"rendered":"Parroco"},"content":{"rendered":"<h2>Don Sergio Antonio Capone<\/h2>\n<p><img loading=\"lazy\" class=\"alignnone size-full wp-image-2582\" src=\"https:\/\/parrocchiascp.it\/wp-content\/uploads\/2020\/03\/1.jpg\" alt=\"\" width=\"960\" height=\"640\" \/><\/p>\n<p style=\"text-align: left;\">Sergio Antonio Capone nasce a Eboli il 10 marzo 1987 da Domenico e Carmela Finizio. Frequenta la scuola Primaria \u201cS. Pastorino\u201d ad Olevano sul Tusciano. Il 19 settembre 1999 entra nel Seminario arcivescovile di Salerno, dove frequenta dapprima le scuole medie alla \u201cPio XI\u201d e successivamente il Liceo classico, diplomandosi nel 2006. Frequenta poi l\u2019Istituto Teologico Salernitano, conseguendo l\u201911 giugno 2012 il titolo di Baccelliere in teologia, con votazione 110 e Lode\/ 110\u00a0<em>Summa cum Laude<\/em>, con la dissertazione: \u00abCredo la Chiesa\u00bb: primi passi di una formula nella teologia dei Padri d\u2019Oriente. L\u20198 settembre 2012 viene ordinato presbitero da mons. Luigi Moretti, arcivescovo Primate e Metropolita di Salerno. Il 13 settembre dello stesso anno viene nominato Vicario Parrocchiale dell\u2019Unit\u00e0 Pastorale \u201cValle dell\u2019Irno\u201d di Fisciano, comprendente le quattro parrocchie di San Pietro e Spirito Santo, Sant\u2019Andrea e Lorenzo, San Giovanni Battista e Nicola di Bari e San Bartolomeo e S. Maria delle Grazie, incarico che continua a svolgere fino al 2017. In data 26 luglio 2013 viene nominato Assistente Ecclesiastico AGESCI della Zona Salerno. Il 19 settembre 2014 viene assegnato all\u2019Ufficio di Pastorale scolastica e Servizio Irc, in cui gi\u00e0 dal 2011 svolgeva il suo servizio pastorale. Nel settembre 2015 si \u00e8 iscritto al Dipartimento di Scienze del Patrimonio Culturale, al corso di studi in Filosofia, presso l\u2019Universit\u00e0 degli Studi di Salerno, conseguendo la Laurea in Filosofia il 18 luglio 2018. Il 15 settembre 2017 \u00e8 nominato parroco della parrocchia Santi Cipriano ed Eustachio in San Cipriano Picentino: ne prender\u00e0 possesso canonico il 17 settembre. Il 18 luglio 2018 consegue la Laurea in Filosofia, discutendo una tesi sullo pseudo-Dionigi e Giovanni Scoto. Il 9 settembre 2020 consegue la Laurea magistrale in Filosofia, discutendo la tesi su &#8220;Hegel e il cristianesimo negli scritti giovanili&#8221;. Il 19 giugno 2020 termina il suo servizio presso l\u2019Ufficio di Pastorale scolastica e Servizio Irc ed \u00e8 nominato Vice Cancelliere Arcivescovile dell&#8217;Arcidiocesi di Salerno-Campagna-Acerno. Dalla stessa data viene nominato anche Direttore dell&#8217;Ufficio per la Custodia delle Reliquie dell&#8217;Arcidiocesi di Salerno-Campagna-Acerno.<\/p>\n<div>\u00a0<\/div>\n<div>___________________________________________________________________________<\/div>\n<div>\u00a0<\/div>\n<div>PARROCI PRECEDENTI<\/div>\n<div>&#8211; sac. Natale Scarpitta (marzo 2017 &#8211; settembre 2017) &#8211; amministratore<\/div>\n<div>&#8211; sac. Carmine Voto (ottobre 2016 &#8211; febbraio 2017) &#8211; amministratore<\/div>\n<div>&#8211; sac. Alvaro Naddeo (giugno 2009 &#8211; settembre 2016) &#8211; parroco<\/div>\n<div>&#8211; sac. Matteo Mottola (1956 &#8211; giugno 2009) &#8211; parroco<\/div>\n\n\n<p><\/p>\n","protected":false},"excerpt":{"rendered":"<p>Don Sergio Antonio Capone Sergio Antonio Capone nasce a Eboli il 10 marzo 1987 da Domenico e Carmela Finizio. Frequenta la scuola Primaria \u201cS. Pastorino\u201d ad Olevano sul Tusciano. Il 19 settembre 1999 entra nel Seminario arcivescovile di Salerno, dove frequenta dapprima le scuole medie alla \u201cPio XI\u201d e successivamente il Liceo classico, diplomandosi nel [&hellip;]<\/p>\n","protected":false},"author":1,"featured_media":0,"parent":0,"menu_order":0,"comment_status":"closed","ping_status":"closed","template":"","meta":[],"yoast_head":"<!-- This site is optimized with the Yoast SEO plugin v19.6.1 - https:\/\/yoast.com\/wordpress\/plugins\/seo\/ -->\n<title>Parroco - Parrocchia San Cipriano Picentino<\/title>\n<meta name=\"robots\" content=\"index, follow, max-snippet:-1, max-image-preview:large, max-video-preview:-1\" \/>\n<link rel=\"canonical\" href=\"https:\/\/new.parrocchiascp.it\/index.php\/parrocco\/\" \/>\n<meta property=\"og:locale\" content=\"it_IT\" \/>\n<meta property=\"og:type\" content=\"article\" \/>\n<meta property=\"og:title\" content=\"Parroco - Parrocchia San Cipriano Picentino\" \/>\n<meta property=\"og:description\" content=\"Don Sergio Antonio Capone Sergio Antonio Capone nasce a Eboli il 10 marzo 1987 da Domenico e Carmela Finizio. Frequenta la scuola Primaria \u201cS. Pastorino\u201d ad Olevano sul Tusciano. Il 19 settembre 1999 entra nel Seminario arcivescovile di Salerno, dove frequenta dapprima le scuole medie alla \u201cPio XI\u201d e successivamente il Liceo classico, diplomandosi nel [&hellip;]\" \/>\n<meta property=\"og:url\" content=\"https:\/\/new.parrocchiascp.it\/index.php\/parrocco\/\" \/>\n<meta property=\"og:site_name\" content=\"Parrocchia San Cipriano Picentino\" \/>\n<meta property=\"og:image\" content=\"https:\/\/parrocchiascp.it\/wp-content\/uploads\/2020\/03\/1.jpg\" \/>\n<meta name=\"twitter:card\" content=\"summary_large_image\" \/>\n<meta name=\"twitter:label1\" content=\"Tempo di lettura stimato\" \/>\n\t<meta name=\"twitter:data1\" content=\"2 minuti\" \/>\n<script type=\"application\/ld+json\" class=\"yoast-schema-graph\">{\"@context\":\"https:\/\/schema.org\",\"@graph\":[{\"@type\":\"WebPage\",\"@id\":\"https:\/\/new.parrocchiascp.it\/index.php\/parrocco\/\",\"url\":\"https:\/\/new.parrocchiascp.it\/index.php\/parrocco\/\",\"name\":\"Parroco - Parrocchia San Cipriano Picentino\",\"isPartOf\":{\"@id\":\"https:\/\/parrocchiascp.it\/#website\"},\"datePublished\":\"2017-04-15T08:19:02+00:00\",\"dateModified\":\"2017-04-15T08:19:02+00:00\",\"breadcrumb\":{\"@id\":\"https:\/\/new.parrocchiascp.it\/index.php\/parrocco\/#breadcrumb\"},\"inLanguage\":\"it-IT\",\"potentialAction\":[{\"@type\":\"ReadAction\",\"target\":[\"https:\/\/new.parrocchiascp.it\/index.php\/parrocco\/\"]}]},{\"@type\":\"BreadcrumbList\",\"@id\":\"https:\/\/new.parrocchiascp.it\/index.php\/parrocco\/#breadcrumb\",\"itemListElement\":[{\"@type\":\"ListItem\",\"position\":1,\"name\":\"Home\",\"item\":\"https:\/\/parrocchiascp.it\/\"},{\"@type\":\"ListItem\",\"position\":2,\"name\":\"Parroco\"}]},{\"@type\":\"WebSite\",\"@id\":\"https:\/\/parrocchiascp.it\/#website\",\"url\":\"https:\/\/parrocchiascp.it\/\",\"name\":\"Parrocchia San Cipriano Picentino\",\"description\":\"Just another WordPress site\",\"potentialAction\":[{\"@type\":\"SearchAction\",\"target\":{\"@type\":\"EntryPoint\",\"urlTemplate\":\"https:\/\/parrocchiascp.it\/?s={search_term_string}\"},\"query-input\":\"required name=search_term_string\"}],\"inLanguage\":\"it-IT\"}]}<\/script>\n<!-- \/ Yoast SEO plugin. -->","yoast_head_json":{"title":"Parroco - Parrocchia San Cipriano Picentino","robots":{"index":"index","follow":"follow","max-snippet":"max-snippet:-1","max-image-preview":"max-image-preview:large","max-video-preview":"max-video-preview:-1"},"canonical":"https:\/\/new.parrocchiascp.it\/index.php\/parrocco\/","og_locale":"it_IT","og_type":"article","og_title":"Parroco - Parrocchia San Cipriano Picentino","og_description":"Don Sergio Antonio Capone Sergio Antonio Capone nasce a Eboli il 10 marzo 1987 da Domenico e Carmela Finizio. Frequenta la scuola Primaria \u201cS. Pastorino\u201d ad Olevano sul Tusciano. Il 19 settembre 1999 entra nel Seminario arcivescovile di Salerno, dove frequenta dapprima le scuole medie alla \u201cPio XI\u201d e successivamente il Liceo classico, diplomandosi nel [&hellip;]","og_url":"https:\/\/new.parrocchiascp.it\/index.php\/parrocco\/","og_site_name":"Parrocchia San Cipriano Picentino","og_image":[{"url":"https:\/\/parrocchiascp.it\/wp-content\/uploads\/2020\/03\/1.jpg"}],"twitter_card":"summary_large_image","twitter_misc":{"Tempo di lettura stimato":"2 minuti"},"schema":{"@context":"https:\/\/schema.org","@graph":[{"@type":"WebPage","@id":"https:\/\/new.parrocchiascp.it\/index.php\/parrocco\/","url":"https:\/\/new.parrocchiascp.it\/index.php\/parrocco\/","name":"Parroco - Parrocchia San Cipriano Picentino","isPartOf":{"@id":"https:\/\/parrocchiascp.it\/#website"},"datePublished":"2017-04-15T08:19:02+00:00","dateModified":"2017-04-15T08:19:02+00:00","breadcrumb":{"@id":"https:\/\/new.parrocchiascp.it\/index.php\/parrocco\/#breadcrumb"},"inLanguage":"it-IT","potentialAction":[{"@type":"ReadAction","target":["https:\/\/new.parrocchiascp.it\/index.php\/parrocco\/"]}]},{"@type":"BreadcrumbList","@id":"https:\/\/new.parrocchiascp.it\/index.php\/parrocco\/#breadcrumb","itemListElement":[{"@type":"ListItem","position":1,"name":"Home","item":"https:\/\/parrocchiascp.it\/"},{"@type":"ListItem","position":2,"name":"Parroco"}]},{"@type":"WebSite","@id":"https:\/\/parrocchiascp.it\/#website","url":"https:\/\/parrocchiascp.it\/","name":"Parrocchia San Cipriano Picentino","description":"Just another WordPress site","potentialAction":[{"@type":"SearchAction","target":{"@type":"EntryPoint","urlTemplate":"https:\/\/parrocchiascp.it\/?s={search_term_string}"},"query-input":"required name=search_term_string"}],"inLanguage":"it-IT"}]}},"_links":{"self":[{"href":"https:\/\/new.parrocchiascp.it\/index.php\/wp-json\/wp\/v2\/pages\/813"}],"collection":[{"href":"https:\/\/new.parrocchiascp.it\/index.php\/wp-json\/wp\/v2\/pages"}],"about":[{"href":"https:\/\/new.parrocchiascp.it\/index.php\/wp-json\/wp\/v2\/types\/page"}],"author":[{"embeddable":true,"href":"https:\/\/new.parrocchiascp.it\/index.php\/wp-json\/wp\/v2\/users\/1"}],"replies":[{"embeddable":true,"href":"https:\/\/new.parrocchiascp.it\/index.php\/wp-json\/wp\/v2\/comments?post=813"}],"version-history":[{"count":0,"href":"https:\/\/new.parrocchiascp.it\/index.php\/wp-json\/wp\/v2\/pages\/813\/revisions"}],"wp:attachment":[{"href":"https:\/\/new.parrocchiascp.it\/index.php\/wp-json\/wp\/v2\/media?parent=813"}],"curies":[{"name":"wp","href":"https:\/\/api.w.org\/{rel}","templated":true}]}}